{"id":7091,"date":"2025-01-16T11:52:38","date_gmt":"2025-01-16T10:52:38","guid":{"rendered":"https:\/\/pestofresco.eu\/produktrueckruf\/"},"modified":"2025-02-20T10:32:40","modified_gmt":"2025-02-20T09:32:40","slug":"produktrueckruf","status":"publish","type":"page","link":"https:\/\/pestofresco.eu\/de\/produktrueckruf\/","title":{"rendered":"Produktr\u00fcckruf"},"content":{"rendered":"<div class=\"wpb-content-wrapper\"><p>[vc_row][vc_column][vc_custom_heading text=&#8220;Was sind Produktr\u00fcckrufe?&#8220; font_container=&#8220;tag:h2|text_align:center&#8220; css=&#8220;&#8220; font_weight=&#8220;100&#8243;][vc_column_text css=&#8220;&#8220;]<\/p>\n<p style=\"text-align: center;\">\nR\u00fcckrufe und R\u00fccknahmen von Lebensmitteln sind eine sinnvolle Ma\u00dfnahme zur Verringerung der Gefahren im Falle der Nichtkonformit\u00e4t eines Produkts.<\/p>\n<p>[\/vc_column_text][\/vc_column][\/vc_row][vc_row][vc_column][insight_blog style=&#8220;grid&#8220; categories=&#8220;richiamo-prodotti&#8220; order_by=&#8220;date&#8220; order=&#8220;&#8220; number=&#8220;0&#8243; excerpt_length=&#8220;10&#8243;][\/vc_column][\/vc_row]<\/p>\n<\/div>","protected":false},"excerpt":{"rendered":"<p>[vc_row][vc_column][vc_custom_heading text=&#8220;Was sind Produktr\u00fcckrufe?&#8220; font_container=&#8220;tag:h2|text_align:center&#8220; css=&#8220;&#8220; font_weight=&#8220;100&#8243;][vc_column_text css=&#8220;&#8220;] R\u00fcckrufe und R\u00fccknahmen von Lebensmitteln sind eine sinnvolle Ma\u00dfnahme zur Verringerung der Gefahren im Falle der Nichtkonformit\u00e4t eines Produkts. [\/vc_column_text][\/vc_column][\/vc_row][vc_row][vc_column][insight_blog style=&#8220;grid&#8220; categories=&#8220;richiamo-prodotti&#8220; order_by=&#8220;date&#8220; order=&#8220;&#8220; number=&#8220;0&#8243; excerpt_length=&#8220;10&#8243;][\/vc_column][\/vc_row]<\/p>\n","protected":false},"author":1,"featured_media":0,"parent":0,"menu_order":0,"comment_status":"closed","ping_status":"closed","template":"","meta":{"_acf_changed":false,"footnotes":""},"class_list":["post-7091","page","type-page","status-publish","hentry"],"acf":[],"aioseo_notices":[],"_links":{"self":[{"href":"https:\/\/pestofresco.eu\/de\/wp-json\/wp\/v2\/pages\/7091","targetHints":{"allow":["GET"]}}],"collection":[{"href":"https:\/\/pestofresco.eu\/de\/wp-json\/wp\/v2\/pages"}],"about":[{"href":"https:\/\/pestofresco.eu\/de\/wp-json\/wp\/v2\/types\/page"}],"author":[{"embeddable":true,"href":"https:\/\/pestofresco.eu\/de\/wp-json\/wp\/v2\/users\/1"}],"replies":[{"embeddable":true,"href":"https:\/\/pestofresco.eu\/de\/wp-json\/wp\/v2\/comments?post=7091"}],"version-history":[{"count":2,"href":"https:\/\/pestofresco.eu\/de\/wp-json\/wp\/v2\/pages\/7091\/revisions"}],"predecessor-version":[{"id":7095,"href":"https:\/\/pestofresco.eu\/de\/wp-json\/wp\/v2\/pages\/7091\/revisions\/7095"}],"wp:attachment":[{"href":"https:\/\/pestofresco.eu\/de\/wp-json\/wp\/v2\/media?parent=7091"}],"curies":[{"name":"wp","href":"https:\/\/api.w.org\/{rel}","templated":true}]}}