{"id":7124,"date":"2018-09-22T20:44:10","date_gmt":"2018-09-22T18:44:10","guid":{"rendered":"https:\/\/pestofresco.eu\/verkaufsbedingungen\/"},"modified":"2025-02-20T10:32:43","modified_gmt":"2025-02-20T09:32:43","slug":"verkaufsbedingungen","status":"publish","type":"page","link":"https:\/\/pestofresco.eu\/de\/verkaufsbedingungen\/","title":{"rendered":"Verkaufsbedingungen"},"content":{"rendered":"<div class=\"col-xs-12 col-md-8\">\n<div class=\"testo_base\">\n<p><strong>Versand &amp; Lieferung<\/strong><\/p>\n<p><strong>Frasca Vincenzo e Nassa Angelo snc<\/strong> liefert in ganz Italien mit vertrauensw\u00fcrdigen Kurieren, deren gesamtes Logistiksystem st\u00e4ndig \u00fcberwacht wird, direkt an den vom Kunden bei der Bestellung angegebenen Wohnort. <\/p>\n<p>Die Waren reisen auf Risiko des Unternehmens. Der Kunde kann sich jederzeit mit<strong> Frasca Vincenzo e Nassa Angelo snc <\/strong>in Verbindung setzen, um \u00c4nderungen mitzuteilen und sich \u00fcber den Status der Sendungen zu informieren. Kunden, die im Internet registriert sind, haben ein Online-Tool, mit dem sie den Fortschritt der Bestellung und der Lieferung verfolgen k\u00f6nnen. Die Zustellung kann je nach Bestimmungsort zwischen 2 und 15 Werktagen dauern, es sei denn, es gibt Probleme, die au\u00dferhalb der Kontrolle des Unternehmens und des Kuriers liegen. F\u00fcr den Fall, dass die bestellten Produkte vor\u00fcbergehend nicht verf\u00fcgbar sind oder sich die Lieferung verz\u00f6gert, ist die<strong> <\/strong><strong>Frasca Vincenzo e Nassa Angelo snc<\/strong> verpflichtet sich, den Kunden rechtzeitig zu kontaktieren und zu informieren.<\/p>\n<p><strong>Bezahlung<\/strong><\/p>\n<p>Die angegebenen Preise verstehen sich inklusive Mehrwertsteuer, Container und Verpackung. Die Zahlung kann erfolgen:<\/p>\n<ul>\n<li>PayPal<\/li>\n<li>mit Kreditkarte<\/li>\n<li>im Voraus per Bank\u00fcberweisung<\/li>\n<\/ul>\n<p>Kunden, die eine Rechnung ben\u00f6tigen, m\u00fcssen diese bei der Bestellung unter Angabe des genauen Firmennamens und der Umsatzsteuernummer anfordern.<\/p>\n<p><strong>Recht auf Widerruf<\/strong><\/p>\n<p>Der Kunde hat gem\u00e4\u00df Art.<br \/>\n06\/09\/05 N\u00b0206 und nachfolgende \u00c4nderungen, hat das Recht, vom Vertrag zur\u00fcckzutreten und die Ware innerhalb von 14 Tagen nach Erhalt zur\u00fcckzusenden, indem er <strong>Frasca Vincenzo e Nassa Angelo snc, <\/strong>Corso Europa 14e 17025 Loano (SV), unter der Telefonnummer 019 4508390 &#8211; +39 3930697784 oder per E-Mail an <a href=\"mailto:info@pestofresco.eu\">info@pestofresco.eu<\/a> informiert. Es obliegt <strong>Frasca Vincenzo e Nassa Angelo snc<\/strong>, den gezahlten Betrag innerhalb von 14 Tagen nach der R\u00fccktrittserkl\u00e4rung des Kunden zu erstatten.<br \/>\nDie Erstattung erfolgt mit demselben Zahlungsmittel, das der Kunde verwendet, es sei denn, mit dem Kunden wurde etwas anderes vereinbart. Das Widerrufsrecht kann nicht ausge\u00fcbt werden, nachdem die Verpackung ge\u00f6ffnet wurde.<\/p>\n<p><strong>Reklamationen  <\/strong><\/p>\n<p>F\u00fcr Berichte, Beschwerden oder Anfragen rufen Sie bitte 019 4508390 &#8211; +39 3930697784 an oder schreiben Sie an <a href=\"mailto:info@pestofresco.eu\">info@pestofresco.eu<\/a><\/p>\n<p><strong>Schutz von Minderj\u00e4hrigen  <\/strong><\/p>\n<p>Minderj\u00e4hrige unter 18 Jahren sind nicht berechtigt, Bestellungen \u00fcber das Online-Bestellformular aufzugeben, es sei denn, sie werden von einem erwachsenen Angeh\u00f6rigen beaufsichtigt.<\/p>\n<\/div>\n<\/div>\n","protected":false},"excerpt":{"rendered":"<p>Versand &amp; Lieferung Frasca Vincenzo e Nassa Angelo snc liefert in ganz Italien mit vertrauensw\u00fcrdigen Kurieren, deren gesamtes Logistiksystem st\u00e4ndig \u00fcberwacht wird, direkt an den vom Kunden bei der Bestellung angegebenen Wohnort. Die Waren reisen auf Risiko des Unternehmens. Der Kunde kann sich jederzeit mit Frasca Vincenzo e Nassa Angelo snc in Verbindung setzen, um&#8230;<\/p>\n","protected":false},"author":28,"featured_media":0,"parent":0,"menu_order":0,"comment_status":"closed","ping_status":"closed","template":"","meta":{"_acf_changed":false,"footnotes":""},"class_list":["post-7124","page","type-page","status-publish","hentry"],"acf":[],"aioseo_notices":[],"_links":{"self":[{"href":"https:\/\/pestofresco.eu\/de\/wp-json\/wp\/v2\/pages\/7124","targetHints":{"allow":["GET"]}}],"collection":[{"href":"https:\/\/pestofresco.eu\/de\/wp-json\/wp\/v2\/pages"}],"about":[{"href":"https:\/\/pestofresco.eu\/de\/wp-json\/wp\/v2\/types\/page"}],"author":[{"embeddable":true,"href":"https:\/\/pestofresco.eu\/de\/wp-json\/wp\/v2\/users\/28"}],"replies":[{"embeddable":true,"href":"https:\/\/pestofresco.eu\/de\/wp-json\/wp\/v2\/comments?post=7124"}],"version-history":[{"count":1,"href":"https:\/\/pestofresco.eu\/de\/wp-json\/wp\/v2\/pages\/7124\/revisions"}],"predecessor-version":[{"id":7587,"href":"https:\/\/pestofresco.eu\/de\/wp-json\/wp\/v2\/pages\/7124\/revisions\/7587"}],"wp:attachment":[{"href":"https:\/\/pestofresco.eu\/de\/wp-json\/wp\/v2\/media?parent=7124"}],"curies":[{"name":"wp","href":"https:\/\/api.w.org\/{rel}","templated":true}]}}