{"id":7223,"date":"2016-10-18T01:59:37","date_gmt":"2016-10-17T23:59:37","guid":{"rendered":"https:\/\/pestofresco.eu\/ueber-uns-2\/"},"modified":"2025-03-19T11:51:30","modified_gmt":"2025-03-19T10:51:30","slug":"ueber-uns-2","status":"publish","type":"page","link":"https:\/\/pestofresco.eu\/de\/ueber-uns-2\/","title":{"rendered":"\u00dcber uns"},"content":{"rendered":"<div class=\"wpb-content-wrapper\"><p>[vc_row full_width=&#8220;stretch_row&#8220; css=&#8220;.vc_custom_1514009152510{padding-bottom: 120px !important;background-image: url(https:\/\/pestofresco.eu\/wp-content\/uploads\/2017\/12\/bg_pesto.jpg?id=1320) !important;background-position: center !important;background-repeat: no-repeat !important;background-size: cover !important;}&#8220;][vc_column][vc_custom_heading text=&#8220;Wir haben beschlossen, ausschlie\u00dflich den <strong>Pesto Fresco<\/strong> in den zwei Versionen <strong>\u201ealla genovese\u201c und \u201eohne Knoblauch\u201c<\/strong> zu erzeugen, um alle unseren F\u00e4higkeiten in das Gelingen eines Produktes <strong>von Spitzenqualit\u00e4t zu stecken<\/strong>.&#8220; font_container=&#8220;tag:div|font_size:24|text_align:center|color:%23333333|line_height:2em&#8220; use_theme_fonts=&#8220;&#8220; google_fonts=&#8220;font_family:Playfair%20Display%3Aregular%2Citalic%2C700%2C700italic%2C900%2C900italic|font_style:400%20italic%3A400%3Aitalic&#8220; css=&#8220;.vc_custom_1742381290505{padding-top: 30px !important;padding-bottom: 110px !important;}&#8220; font_weight=&#8220;&#8220; letter_spacing=&#8220;.1em&#8220; el_class=&#8220;mw-720&#8243;][vc_row_inner][vc_column_inner width=&#8220;1\/2&#8243;][vc_column_text css=&#8220;&#8220;]<strong><em>Pesto Fresco von Frasca &amp; Nassa<\/em><\/strong><strong> \u2013 Handwerkliche Produktionsst\u00e4tte in Loano (Savona)<\/strong><\/p>\n<p>Unsere <strong><em>handwerkliche Produktionsst\u00e4tte Frasca &amp; Nassa<\/em><\/strong> <strong><em>in Loano<\/em><\/strong> ist aus unserem Wunsch entstanden, <strong><em>Pesto Fresco alla genovese<\/em><\/strong> nach dem <strong><em>antiken ligurischen Rezept<\/em><\/strong> herzustellen und allen anzubieten, die unsere Bem\u00fchungen, die Forschung und den <strong>wahren Geschmack der <em>schmackhaften und gesunden<\/em><\/strong><strong><em>, typisch ligurischen So\u00dfe<\/em><\/strong> sch\u00e4tzen.<\/p>\n<p><strong>Nur Spitzenqualit\u00e4t kann die <em>antike ligurische Tradition <\/em>des <em>Pesto Fresco Genovese <\/em>fortsetzen<\/strong><\/p>\n<p>Wir setzen mit voller \u00dcberzeugung auf <strong>Spitzenqualit\u00e4t <\/strong>und beabsichtigen, die <strong>antike Tradition der <em>ligurischen<\/em><\/strong> <strong><em>So\u00dfe <\/em><\/strong>als weltweit bekannte Exzellenz fortzusetzen und die urspr\u00fcnglichen <strong>Geschmack<\/strong>seigenschaften zu bewahren, auch dank der ausgew\u00e4hlten <strong>Zutaten<\/strong>, die alle von <strong>italienischer <\/strong>und in gro\u00dfem Ausma\u00df von <strong>\u00f6rtlicher Herkunft <\/strong>sind.<\/p>\n<p><strong>Eine enge Zusammenarbeit mit den \u00f6rtlichen Produzenten f\u00fcr einen wirklich ligurischen <em>Pesto Fresco<\/em><\/strong><\/p>\n<p>Wir kooperieren bei der Beschaffung der Hauptzutaten f\u00fcr den <strong><em>Pesto<\/em><\/strong> mit <strong>Produzenten auf unserem Gebiet<\/strong>, als zus\u00e4tzliche <strong>Garantie f\u00fcr ein wirklich ligurisches Produkt<\/strong>, das unter Verwendung der innovativsten Technologie nach dem antiken, von den Gro\u00dfm\u00fcttern \u00fcberlieferten Rezept zubereitet wird.[\/vc_column_text][\/vc_column_inner][vc_column_inner width=&#8220;1\/2&#8243;][vc_single_image image=&#8220;5089&#8243; img_size=&#8220;large&#8220; alignment=&#8220;center&#8220; css=&#8220;&#8220;][vc_single_image image=&#8220;5095&#8243; img_size=&#8220;large&#8220; alignment=&#8220;center&#8220; css=&#8220;&#8220;][\/vc_column_inner][\/vc_row_inner][\/vc_column][\/vc_row]<\/p>\n<\/div>","protected":false},"excerpt":{"rendered":"<p>[vc_row full_width=&#8220;stretch_row&#8220; css=&#8220;.vc_custom_1514009152510{padding-bottom: 120px !important;background-image: url(https:\/\/pestofresco.eu\/wp-content\/uploads\/2017\/12\/bg_pesto.jpg?id=1320) !important;background-position: center !important;background-repeat: no-repeat !important;background-size: cover !important;}&#8220;][vc_column][vc_custom_heading text=&#8220;Wir haben beschlossen, ausschlie\u00dflich den Pesto Fresco in den zwei Versionen \u201ealla genovese\u201c und \u201eohne Knoblauch\u201c zu erzeugen, um alle unseren F\u00e4higkeiten in das Gelingen eines Produktes von Spitzenqualit\u00e4t zu stecken.&#8220; font_container=&#8220;tag:div|font_size:24|text_align:center|color:%23333333|line_height:2em&#8220; use_theme_fonts=&#8220;&#8220; google_fonts=&#8220;font_family:Playfair%20Display%3Aregular%2Citalic%2C700%2C700italic%2C900%2C900italic|font_style:400%20italic%3A400%3Aitalic&#8220; css=&#8220;.vc_custom_1742381290505{padding-top: 30px !important;padding-bottom: 110px !important;}&#8220; font_weight=&#8220;&#8220; letter_spacing=&#8220;.1em&#8220; el_class=&#8220;mw-720&#8243;][vc_row_inner][vc_column_inner&#8230;<\/p>\n","protected":false},"author":28,"featured_media":0,"parent":0,"menu_order":0,"comment_status":"closed","ping_status":"closed","template":"","meta":{"_acf_changed":false,"footnotes":""},"class_list":["post-7223","page","type-page","status-publish","hentry"],"acf":[],"aioseo_notices":[],"_links":{"self":[{"href":"https:\/\/pestofresco.eu\/de\/wp-json\/wp\/v2\/pages\/7223","targetHints":{"allow":["GET"]}}],"collection":[{"href":"https:\/\/pestofresco.eu\/de\/wp-json\/wp\/v2\/pages"}],"about":[{"href":"https:\/\/pestofresco.eu\/de\/wp-json\/wp\/v2\/types\/page"}],"author":[{"embeddable":true,"href":"https:\/\/pestofresco.eu\/de\/wp-json\/wp\/v2\/users\/28"}],"replies":[{"embeddable":true,"href":"https:\/\/pestofresco.eu\/de\/wp-json\/wp\/v2\/comments?post=7223"}],"version-history":[{"count":8,"href":"https:\/\/pestofresco.eu\/de\/wp-json\/wp\/v2\/pages\/7223\/revisions"}],"predecessor-version":[{"id":7657,"href":"https:\/\/pestofresco.eu\/de\/wp-json\/wp\/v2\/pages\/7223\/revisions\/7657"}],"wp:attachment":[{"href":"https:\/\/pestofresco.eu\/de\/wp-json\/wp\/v2\/media?parent=7223"}],"curies":[{"name":"wp","href":"https:\/\/api.w.org\/{rel}","templated":true}]}}