{"id":7482,"date":"2017-12-20T17:11:15","date_gmt":"2017-12-20T16:11:15","guid":{"rendered":"https:\/\/pestofresco.eu\/prodotto\/frisches-pesto-ohne-knoblauch-6-x-500g-glaeser\/"},"modified":"2025-03-18T15:16:01","modified_gmt":"2025-03-18T14:16:01","slug":"frisches-pesto-ohne-knoblauch-6-x-500g-glaeser","status":"publish","type":"product","link":"https:\/\/pestofresco.eu\/de\/prodotto\/frisches-pesto-ohne-knoblauch-6-x-500g-glaeser\/","title":{"rendered":"Pesto Fresco ohne Knoblauch 6 x 500g Gl\u00e4ser"},"content":{"rendered":"<div id=\"tab-description\" class=\"panel\">\n<div id=\"tab-description\" class=\"panel\">\n<div id=\"tab-description\" class=\"panel\">\n<div id=\"tab-description\" class=\"panel\">\n<div id=\"tab-description\" class=\"panel\">\n<div id=\"tab-description\" class=\"panel\">\n<div id=\"tab-description\" class=\"panel\">\n<h4><strong>Beschreibung: Pesto ohne Knoblauch<\/strong><\/h4>\n<p><strong>Zutaten:<\/strong> Natives Oliven\u00f6l extra, Basilikum, Grana Padano DOP (<strong>Milch<\/strong>, Salz, Lab, <strong>Eierlysozym<\/strong>), Pecorino Romano DOP (<strong>Schafsmilch<\/strong>, Salz, Lab), Pinienkerne, Salz;<br \/>\nAntioxidationsmittel: Ascorbins\u00e4ure;<br \/>\nKonservierungsmittel: Sorbins\u00e4ure.<br \/>\nKann enthalten: <strong>N\u00fcsse (Waln\u00fcsse, Mandeln).<\/strong><\/p>\n<p><strong>Sensorische Eigenschaften: eine<\/strong> homogene Sauce von hellgr\u00fcner Farbe, mit einem intensiven Aroma, das typisch f\u00fcr frisch geschnittenes Basilikum ist, und einem charakteristischen Geschmack, pikant und delikat zugleich.<\/p>\n<p><strong>Lagerung: <\/strong>zwischen 0 und +4\u00b0C.<br \/>\nNach dem \u00d6ffnen im K\u00fchlschrank aufbewahren und innerhalb von 4-5 Tagen verbrauchen.<\/p>\n<\/div>\n<\/div>\n<\/div>\n<\/div>\n<\/div>\n<\/div>\n<\/div>\n","protected":false},"excerpt":{"rendered":"<p>Beschreibung: Pesto ohne Knoblauch Zutaten: Natives Oliven\u00f6l extra, Basilikum, Grana Padano DOP (Milch, Salz, Lab, Eierlysozym), Pecorino Romano DOP (Schafsmilch, Salz, Lab), Pinienkerne, Salz; Antioxidationsmittel: Ascorbins\u00e4ure; Konservierungsmittel: Sorbins\u00e4ure. Kann enthalten: N\u00fcsse (Waln\u00fcsse, Mandeln). Sensorische Eigenschaften: eine homogene Sauce von hellgr\u00fcner Farbe, mit einem intensiven Aroma, das typisch f\u00fcr frisch geschnittenes Basilikum ist, und einem charakteristischen&#8230;<\/p>\n","protected":false},"featured_media":5941,"comment_status":"open","ping_status":"closed","template":"","meta":{"_acf_changed":false},"product_brand":[],"product_cat":[1336],"product_tag":[],"class_list":{"0":"post-7482","1":"product","2":"type-product","3":"status-publish","4":"has-post-thumbnail","6":"product_cat-pesto-de-de","8":"first","9":"instock","10":"shipping-taxable","11":"purchasable","12":"product-type-simple"},"acf":[],"aioseo_notices":[],"_links":{"self":[{"href":"https:\/\/pestofresco.eu\/de\/wp-json\/wp\/v2\/product\/7482","targetHints":{"allow":["GET"]}}],"collection":[{"href":"https:\/\/pestofresco.eu\/de\/wp-json\/wp\/v2\/product"}],"about":[{"href":"https:\/\/pestofresco.eu\/de\/wp-json\/wp\/v2\/types\/product"}],"replies":[{"embeddable":true,"href":"https:\/\/pestofresco.eu\/de\/wp-json\/wp\/v2\/comments?post=7482"}],"wp:featuredmedia":[{"embeddable":true,"href":"https:\/\/pestofresco.eu\/de\/wp-json\/wp\/v2\/media\/5941"}],"wp:attachment":[{"href":"https:\/\/pestofresco.eu\/de\/wp-json\/wp\/v2\/media?parent=7482"}],"wp:term":[{"taxonomy":"product_brand","embeddable":true,"href":"https:\/\/pestofresco.eu\/de\/wp-json\/wp\/v2\/product_brand?post=7482"},{"taxonomy":"product_cat","embeddable":true,"href":"https:\/\/pestofresco.eu\/de\/wp-json\/wp\/v2\/product_cat?post=7482"},{"taxonomy":"product_tag","embeddable":true,"href":"https:\/\/pestofresco.eu\/de\/wp-json\/wp\/v2\/product_tag?post=7482"}],"curies":[{"name":"wp","href":"https:\/\/api.w.org\/{rel}","templated":true}]}}